{"id":204,"date":"2024-05-02T17:08:37","date_gmt":"2024-05-02T15:08:37","guid":{"rendered":"https:\/\/5lenguajesdelamor.elhogarquedeseo.com\/?page_id=204"},"modified":"2024-09-06T20:54:16","modified_gmt":"2024-09-06T18:54:16","slug":"7-regalos","status":"publish","type":"page","link":"https:\/\/5lenguajesdelamor.elhogarquedeseo.com\/?page_id=204","title":{"rendered":"7. Regalos"},"content":{"rendered":"\n<figure class=\"wp-block-embed alignfull is-type-video is-provider-vimeo wp-block-embed-vimeo wp-embed-aspect-16-9 wp-has-aspect-ratio\"><div class=\"wp-block-embed__wrapper\">\n<iframe loading=\"lazy\" src=\"https:\/\/player.vimeo.com\/video\/523148031?h=2c9966e60b&amp;dnt=1&amp;app_id=122963\" width=\"660\" height=\"371\" frameborder=\"0\" allow=\"autoplay; fullscreen; picture-in-picture; clipboard-write\"><\/iframe>\n<\/div><\/figure>\n\n\n<h2 style=\"text-align: center;\">Contenido del curso<\/h2>\n<ol>\n<li style=\"list-style-type: none;\">\n<ol>\n<li style=\"list-style-type: none;\">\n<ol>\n<li style=\"list-style-type: none;\">\n<ol>\n<li style=\"list-style-type: none;\">\n<ol>\n<li style=\"list-style-type: none;\">\n<ol>\n<li style=\"list-style-type: none;\">\n<ol>\n<li style=\"list-style-type: none;\">\n<ol>\n<li>\n<h5><a href=\"https:\/\/5lenguajesdelamor.elhogarquedeseo.com\/?page_id=189\">\u00bfQu\u00e9 es un adolescente<\/a><\/h5>\n<\/li>\n<li>\n<h5><a href=\"https:\/\/5lenguajesdelamor.elhogarquedeseo.com\/?page_id=191\">La clave el amor de los padres<\/a><\/h5>\n<\/li>\n<li>\n<h5><a href=\"https:\/\/5lenguajesdelamor.elhogarquedeseo.com\/?page_id=193\">Palabras de afirmaci\u00f3n<\/a><\/h5>\n<\/li>\n<li>\n<h5><a href=\"https:\/\/5lenguajesdelamor.elhogarquedeseo.com\/?page_id=196\">Toque f\u00edsico<\/a><\/h5>\n<\/li>\n<li>\n<h5><a href=\"https:\/\/5lenguajesdelamor.elhogarquedeseo.com\/?page_id=198\">Tiempo de calidad<\/a><\/h5>\n<\/li>\n<li>\n<h5><a href=\"https:\/\/5lenguajesdelamor.elhogarquedeseo.com\/?page_id=201\">Actos de servicio<\/a><\/h5>\n<\/li>\n<li>\n<h5><a href=\"https:\/\/5lenguajesdelamor.elhogarquedeseo.com\/?page_id=204\">Regalos<\/a><\/h5>\n<\/li>\n<li>\n<h5><a href=\"https:\/\/5lenguajesdelamor.elhogarquedeseo.com\/?page_id=207\">Enfados<\/a><\/h5>\n<\/li>\n<li>\n<h5><a href=\"https:\/\/5lenguajesdelamor.elhogarquedeseo.com\/?page_id=209\">Independencia y Responsabilidad<\/a><\/h5>\n<\/li>\n<li>\n<h5><a href=\"https:\/\/5lenguajesdelamor.elhogarquedeseo.com\/?page_id=212\">Cuando el joven falla<\/a><\/h5>\n<\/li>\n<\/ol>\n<\/li>\n<\/ol>\n<\/li>\n<\/ol>\n<\/li>\n<\/ol>\n<\/li>\n<\/ol>\n<\/li>\n<\/ol>\n<\/li>\n<\/ol>\n<\/li>\n<\/ol>\n\n\n<div class=\"wp-block-columns alignfull is-layout-flex wp-container-core-columns-is-layout-9d6595d7 wp-block-columns-is-layout-flex\">\n<div class=\"wp-block-column is-layout-flow wp-block-column-is-layout-flow\" style=\"flex-basis:25%\"><\/div>\n\n\n\n<div class=\"wp-block-column is-layout-flow wp-block-column-is-layout-flow\" style=\"flex-basis:50%\">\n<div class=\"wp-block-buttons is-content-justification-center is-layout-flex wp-container-core-buttons-is-layout-16018d1d wp-block-buttons-is-layout-flex\">\n<div class=\"wp-block-button\"><a class=\"wp-block-button__link wp-element-button\" href=\"https:\/\/5lenguajesdelamor.elhogarquedeseo.com\/?page_id=180\">Ir al inicio<\/a><\/div>\n<\/div>\n<\/div>\n\n\n\n<div class=\"wp-block-column is-layout-flow wp-block-column-is-layout-flow\" style=\"flex-basis:25%\"><\/div>\n<\/div>\n","protected":false},"excerpt":{"rendered":"<p>Contenido del curso \u00bfQu\u00e9 es un adolescente La clave el amor de los padres Palabras de afirmaci\u00f3n Toque f\u00edsico Tiempo de calidad Actos de servicio Regalos Enfados Independencia y Responsabilidad Cuando el joven falla<\/p>\n","protected":false},"author":2,"featured_media":0,"parent":0,"menu_order":0,"comment_status":"closed","ping_status":"closed","template":"","meta":{"hide_page_title":"","_coblocks_attr":"","_coblocks_dimensions":"","_coblocks_responsive_height":"","_coblocks_accordion_ie_support":"","footnotes":""},"class_list":["post-204","page","type-page","status-publish","hentry"],"_links":{"self":[{"href":"https:\/\/5lenguajesdelamor.elhogarquedeseo.com\/index.php?rest_route=\/wp\/v2\/pages\/204","targetHints":{"allow":["GET"]}}],"collection":[{"href":"https:\/\/5lenguajesdelamor.elhogarquedeseo.com\/index.php?rest_route=\/wp\/v2\/pages"}],"about":[{"href":"https:\/\/5lenguajesdelamor.elhogarquedeseo.com\/index.php?rest_route=\/wp\/v2\/types\/page"}],"author":[{"embeddable":true,"href":"https:\/\/5lenguajesdelamor.elhogarquedeseo.com\/index.php?rest_route=\/wp\/v2\/users\/2"}],"replies":[{"embeddable":true,"href":"https:\/\/5lenguajesdelamor.elhogarquedeseo.com\/index.php?rest_route=%2Fwp%2Fv2%2Fcomments&post=204"}],"version-history":[{"count":3,"href":"https:\/\/5lenguajesdelamor.elhogarquedeseo.com\/index.php?rest_route=\/wp\/v2\/pages\/204\/revisions"}],"predecessor-version":[{"id":365,"href":"https:\/\/5lenguajesdelamor.elhogarquedeseo.com\/index.php?rest_route=\/wp\/v2\/pages\/204\/revisions\/365"}],"wp:attachment":[{"href":"https:\/\/5lenguajesdelamor.elhogarquedeseo.com\/index.php?rest_route=%2Fwp%2Fv2%2Fmedia&parent=204"}],"curies":[{"name":"wp","href":"https:\/\/api.w.org\/{rel}","templated":true}]}}