{"id":20,"date":"2024-04-29T11:32:38","date_gmt":"2024-04-29T09:32:38","guid":{"rendered":"https:\/\/5lenguajesdelamor.elhogarquedeseo.com\/?page_id=20"},"modified":"2024-09-06T17:33:06","modified_gmt":"2024-09-06T15:33:06","slug":"los-5-lenguajes-del-amor","status":"publish","type":"page","link":"https:\/\/5lenguajesdelamor.elhogarquedeseo.com\/?page_id=20","title":{"rendered":"Los 5 lenguajes del amor"},"content":{"rendered":"\n<div class=\"wp-block-group alignfull has-accent-background-color has-background\" style=\"margin-top:0;margin-bottom:0;padding-top:var(--wp--preset--spacing--50);padding-right:var(--wp--preset--spacing--50);padding-bottom:var(--wp--preset--spacing--50);padding-left:var(--wp--preset--spacing--50)\"><div class=\"wp-block-group__inner-container is-layout-constrained wp-container-core-group-is-layout-2bafd31c wp-block-group-is-layout-constrained\">\n<div class=\"wp-block-columns alignwide is-layout-flex wp-container-core-columns-is-layout-4d397ad4 wp-block-columns-is-layout-flex\">\n<div class=\"wp-block-column is-vertically-aligned-stretch is-layout-flow wp-block-column-is-layout-flow\" style=\"flex-basis:50%\">\n<div class=\"wp-block-group is-vertical is-content-justification-stretch is-layout-flex wp-container-core-group-is-layout-d9786264 wp-block-group-is-layout-flex\" style=\"min-height:100%\">\n<p><\/p>\n\n\n\n<p class=\"has-heading-font-family has-x-large-font-size has-custom-font\" style=\"line-height:1.2;font-family:heading\"><em>Cada persona aprecia el amor de un modo distinto, para que se sienta querida debemos hablarle en el lenguaje que entienda<\/em> <\/p>\n\n\n\n<div class=\"wp-block-group is-content-justification-left\"><div class=\"wp-block-group__inner-container is-layout-constrained wp-container-core-group-is-layout-ebdfa9d7 wp-block-group-is-layout-constrained\">\n<p class=\"wp-container-content-0733e5d0\">&nbsp;<\/p>\n\n\n\n<div class=\"wp-block-buttons is-layout-flex wp-block-buttons-is-layout-flex\">\n<div class=\"wp-block-button\"><a class=\"wp-block-button__link wp-element-button\" href=\"https:\/\/5lenguajesdelamor.elhogarquedeseo.com\/?page_id=28\">Vamos al curso<\/a><\/div>\n<\/div>\n<\/div><\/div>\n<\/div>\n<\/div>\n\n\n\n<div class=\"wp-block-column is-vertically-aligned-center is-layout-flow wp-block-column-is-layout-flow\" style=\"flex-basis:50%\">\n<figure class=\"wp-block-image size-full is-resized is-style-rounded\"><img loading=\"lazy\" decoding=\"async\" width=\"371\" height=\"560\" src=\"https:\/\/5lenguajesdelamor.elhogarquedeseo.com\/wp-content\/uploads\/2024\/04\/5lenguajes371.png\" alt=\"\" class=\"wp-image-22\" style=\"aspect-ratio:0.75;object-fit:cover;width:607px;height:auto\" srcset=\"https:\/\/5lenguajesdelamor.elhogarquedeseo.com\/wp-content\/uploads\/2024\/04\/5lenguajes371.png 371w, https:\/\/5lenguajesdelamor.elhogarquedeseo.com\/wp-content\/uploads\/2024\/04\/5lenguajes371-199x300.png 199w\" sizes=\"auto, (max-width: 371px) 100vw, 371px\" \/><\/figure>\n<\/div>\n<\/div>\n<\/div><\/div>\n\n\n<h3 style=\"text-align: center;\"><strong>CONTENIDO DEL CURSO<\/strong><\/h3>\n<ol>\n<li style=\"list-style-type: none;\">\n<ol>\n<li style=\"list-style-type: none;\">\n<ol>\n<li style=\"list-style-type: none;\">\n<ol>\n<li style=\"list-style-type: none;\">\n<ol>\n<li style=\"list-style-type: none;\">\n<ol>\n<li>\n<h5><a href=\"https:\/\/5lenguajesdelamor.elhogarquedeseo.com\/?page_id=28\">Introducci\u00f3n: Los 5 lenguajes del amor<\/a><\/h5>\n<\/li>\n<li>\n<h5><a href=\"https:\/\/5lenguajesdelamor.elhogarquedeseo.com\/?page_id=85\">Del enamoramiento al amor aut\u00e9ntico<\/a><\/h5>\n<\/li>\n<li>\n<h5><a href=\"https:\/\/5lenguajesdelamor.elhogarquedeseo.com\/?page_id=88\">Tanque del amor<\/a><\/h5>\n<\/li>\n<li>\n<h5><a href=\"https:\/\/5lenguajesdelamor.elhogarquedeseo.com\/?page_id=92\">Palabras de afirmaci\u00f3n<\/a>\u00a0<\/h5>\n<\/li>\n<li>\n<h5><a href=\"https:\/\/5lenguajesdelamor.elhogarquedeseo.com\/?page_id=95\">Tiempo de calidad<\/a><\/h5>\n<\/li>\n<li>\n<h5><a href=\"https:\/\/5lenguajesdelamor.elhogarquedeseo.com\/?page_id=99\">Regalos, Actos de servicio, Toque f\u00edsico<\/a>\u00a0<\/h5>\n<\/li>\n<li>\n<h5><a href=\"https:\/\/5lenguajesdelamor.elhogarquedeseo.com\/?page_id=103\">Descubre tu lenguaje<\/a><\/h5>\n<\/li>\n<li>\n<h5><a href=\"https:\/\/5lenguajesdelamor.elhogarquedeseo.com\/?page_id=106\">El amor es una decisi\u00f3n<\/a><\/h5>\n<\/li>\n<li>\n<h5><a href=\"https:\/\/5lenguajesdelamor.elhogarquedeseo.com\/?page_id=111\">El amor marca la diferencia<\/a><\/h5>\n<\/li>\n<li>\n<h5><a href=\"https:\/\/5lenguajesdelamor.elhogarquedeseo.com\/?page_id=115\">Ama a quien no merece amor<\/a><\/h5>\n<\/li>\n<\/ol>\n<\/li>\n<\/ol>\n<\/li>\n<\/ol>\n<\/li>\n<\/ol>\n<\/li>\n<\/ol>\n<\/li>\n<\/ol>\n\n\n<div class=\"wp-block-buttons is-content-justification-center is-layout-flex wp-container-core-buttons-is-layout-16018d1d wp-block-buttons-is-layout-flex\">\n<div class=\"wp-block-button\"><a class=\"wp-block-button__link wp-element-button\" href=\"https:\/\/5lenguajesdelamor.elhogarquedeseo.com\" target=\"_blank\" rel=\"noreferrer noopener\">Volver al inicio<\/a><\/div>\n<\/div>\n\n\n\n<p><\/p>\n","protected":false},"excerpt":{"rendered":"<p>Cada persona aprecia el amor de un modo distinto, para que se sienta querida debemos hablarle en el lenguaje que entienda &nbsp; CONTENIDO DEL CURSO Introducci\u00f3n: Los 5 lenguajes del amor Del enamoramiento al amor aut\u00e9ntico Tanque del amor Palabras de afirmaci\u00f3n\u00a0 Tiempo de calidad Regalos, Actos de servicio, Toque f\u00edsico\u00a0 Descubre tu lenguaje El [&hellip;]<\/p>\n","protected":false},"author":1,"featured_media":0,"parent":0,"menu_order":0,"comment_status":"closed","ping_status":"closed","template":"","meta":{"hide_page_title":"","_coblocks_attr":"","_coblocks_dimensions":"","_coblocks_responsive_height":"","_coblocks_accordion_ie_support":"","footnotes":""},"class_list":["post-20","page","type-page","status-publish","hentry"],"_links":{"self":[{"href":"https:\/\/5lenguajesdelamor.elhogarquedeseo.com\/index.php?rest_route=\/wp\/v2\/pages\/20","targetHints":{"allow":["GET"]}}],"collection":[{"href":"https:\/\/5lenguajesdelamor.elhogarquedeseo.com\/index.php?rest_route=\/wp\/v2\/pages"}],"about":[{"href":"https:\/\/5lenguajesdelamor.elhogarquedeseo.com\/index.php?rest_route=\/wp\/v2\/types\/page"}],"author":[{"embeddable":true,"href":"https:\/\/5lenguajesdelamor.elhogarquedeseo.com\/index.php?rest_route=\/wp\/v2\/users\/1"}],"replies":[{"embeddable":true,"href":"https:\/\/5lenguajesdelamor.elhogarquedeseo.com\/index.php?rest_route=%2Fwp%2Fv2%2Fcomments&post=20"}],"version-history":[{"count":23,"href":"https:\/\/5lenguajesdelamor.elhogarquedeseo.com\/index.php?rest_route=\/wp\/v2\/pages\/20\/revisions"}],"predecessor-version":[{"id":273,"href":"https:\/\/5lenguajesdelamor.elhogarquedeseo.com\/index.php?rest_route=\/wp\/v2\/pages\/20\/revisions\/273"}],"wp:attachment":[{"href":"https:\/\/5lenguajesdelamor.elhogarquedeseo.com\/index.php?rest_route=%2Fwp%2Fv2%2Fmedia&parent=20"}],"curies":[{"name":"wp","href":"https:\/\/api.w.org\/{rel}","templated":true}]}}