{"id":150,"date":"2024-05-02T14:06:26","date_gmt":"2024-05-02T12:06:26","guid":{"rendered":"https:\/\/5lenguajesdelamor.elhogarquedeseo.com\/?page_id=150"},"modified":"2024-09-06T20:27:25","modified_gmt":"2024-09-06T18:27:25","slug":"sesion-7-aprende-el-lenguaje-del-nino","status":"publish","type":"page","link":"https:\/\/5lenguajesdelamor.elhogarquedeseo.com\/?page_id=150","title":{"rendered":"Sesi\u00f3n 7: Descubre el lenguaje del ni\u00f1o"},"content":{"rendered":"\n<figure class=\"wp-block-embed alignfull is-type-video is-provider-vimeo wp-block-embed-vimeo wp-embed-aspect-4-3 wp-has-aspect-ratio\"><div class=\"wp-block-embed__wrapper\">\n<iframe loading=\"lazy\" src=\"https:\/\/player.vimeo.com\/video\/523142994?h=53a8477c4b&amp;dnt=1&amp;app_id=122963\" width=\"660\" height=\"462\" frameborder=\"0\" allow=\"autoplay; fullscreen; picture-in-picture; clipboard-write\"><\/iframe>\n<\/div><\/figure>\n\n\n\n<figure class=\"wp-block-embed alignfull is-type-video is-provider-vimeo wp-block-embed-vimeo wp-embed-aspect-16-9 wp-has-aspect-ratio\"><div class=\"wp-block-embed__wrapper\">\n<iframe loading=\"lazy\" src=\"https:\/\/player.vimeo.com\/video\/523141825?h=565f73df58&amp;dnt=1&amp;app_id=122963\" width=\"660\" height=\"371\" frameborder=\"0\" allow=\"autoplay; fullscreen; picture-in-picture; clipboard-write\"><\/iframe>\n<\/div><\/figure>\n\n\n<h2 style=\"text-align: center;\">Contenido del curso<\/h2>\n<ol>\n<li style=\"list-style-type: none;\">\n<ol>\n<li style=\"list-style-type: none;\">\n<ol>\n<li style=\"list-style-type: none;\">\n<ol>\n<li style=\"list-style-type: none;\">\n<ol>\n<li style=\"list-style-type: none;\">\n<ol>\n<li style=\"list-style-type: none;\">\n<ol>\n<li>\n<h5 style=\"text-align: left;\"><a href=\"https:\/\/5lenguajesdelamor.elhogarquedeseo.com\/?page_id=137\">Primera sesi\u00f3n: introducci\u00f3n<\/a><\/h5>\n<\/li>\n<li style=\"text-align: left;\">\n<h5><a href=\"https:\/\/5lenguajesdelamor.elhogarquedeseo.com\/?page_id=139\">Toque f\u00edsico y regalos<\/a><\/h5>\n<\/li>\n<li style=\"text-align: left;\">\n<h5><a href=\"https:\/\/5lenguajesdelamor.elhogarquedeseo.com\/?page_id=142\">Palabras de afirmaci\u00f3n<\/a><\/h5>\n<\/li>\n<li style=\"text-align: left;\">\n<h5><a href=\"https:\/\/5lenguajesdelamor.elhogarquedeseo.com\/?page_id=144\">Tiempo de calidad<\/a><\/h5>\n<\/li>\n<li style=\"text-align: left;\">\n<h5><a href=\"https:\/\/5lenguajesdelamor.elhogarquedeseo.com\/?page_id=146\">Actos de servicio<\/a><\/h5>\n<\/li>\n<li style=\"text-align: left;\">\n<h5><a href=\"https:\/\/5lenguajesdelamor.elhogarquedeseo.com\/?page_id=148\">Regalos<\/a><\/h5>\n<\/li>\n<li style=\"text-align: left;\">\n<h5><a href=\"https:\/\/5lenguajesdelamor.elhogarquedeseo.com\/?page_id=150\">Descubre el lenguaje del ni\u00f1o<\/a><\/h5>\n<\/li>\n<li style=\"text-align: left;\">\n<h5><a href=\"https:\/\/5lenguajesdelamor.elhogarquedeseo.com\/?page_id=152\">Disciplina<\/a><\/h5>\n<\/li>\n<li>\n<h5 style=\"text-align: left;\"><a href=\"https:\/\/5lenguajesdelamor.elhogarquedeseo.com\/?page_id=154\">Enfados y amor<\/a><\/h5>\n<\/li>\n<li>\n<h5 style=\"text-align: left;\"><a href=\"https:\/\/5lenguajesdelamor.elhogarquedeseo.com\/?page_id=156\">Matrimonio y familias monoparentales<\/a><\/h5>\n<\/li>\n<\/ol>\n<\/li>\n<\/ol>\n<\/li>\n<\/ol>\n<\/li>\n<\/ol>\n<\/li>\n<\/ol>\n<\/li>\n<\/ol>\n<\/li>\n<\/ol>\n\n\n<div class=\"wp-block-columns is-layout-flex wp-container-core-columns-is-layout-9d6595d7 wp-block-columns-is-layout-flex\">\n<div class=\"wp-block-column is-layout-flow wp-block-column-is-layout-flow\" style=\"flex-basis:25%\"><\/div>\n\n\n\n<div class=\"wp-block-column is-layout-flow wp-block-column-is-layout-flow\" style=\"flex-basis:50%\">\n<div class=\"wp-block-buttons is-content-justification-center is-layout-flex wp-container-core-buttons-is-layout-16018d1d wp-block-buttons-is-layout-flex\">\n<div class=\"wp-block-button\"><a class=\"wp-block-button__link wp-element-button\" href=\"https:\/\/5lenguajesdelamor.elhogarquedeseo.com\/?page_id=132\">Ir al inicio<\/a><\/div>\n<\/div>\n<\/div>\n\n\n\n<div class=\"wp-block-column is-layout-flow wp-block-column-is-layout-flow\" style=\"flex-basis:25%\"><\/div>\n<\/div>\n\n\n\n<p><\/p>\n","protected":false},"excerpt":{"rendered":"<p>Contenido del curso Primera sesi\u00f3n: introducci\u00f3n Toque f\u00edsico y regalos Palabras de afirmaci\u00f3n Tiempo de calidad Actos de servicio Regalos Descubre el lenguaje del ni\u00f1o Disciplina Enfados y amor Matrimonio y familias monoparentales<\/p>\n","protected":false},"author":2,"featured_media":0,"parent":0,"menu_order":0,"comment_status":"closed","ping_status":"closed","template":"","meta":{"hide_page_title":"","_coblocks_attr":"","_coblocks_dimensions":"","_coblocks_responsive_height":"","_coblocks_accordion_ie_support":"","footnotes":""},"class_list":["post-150","page","type-page","status-publish","hentry"],"_links":{"self":[{"href":"https:\/\/5lenguajesdelamor.elhogarquedeseo.com\/index.php?rest_route=\/wp\/v2\/pages\/150","targetHints":{"allow":["GET"]}}],"collection":[{"href":"https:\/\/5lenguajesdelamor.elhogarquedeseo.com\/index.php?rest_route=\/wp\/v2\/pages"}],"about":[{"href":"https:\/\/5lenguajesdelamor.elhogarquedeseo.com\/index.php?rest_route=\/wp\/v2\/types\/page"}],"author":[{"embeddable":true,"href":"https:\/\/5lenguajesdelamor.elhogarquedeseo.com\/index.php?rest_route=\/wp\/v2\/users\/2"}],"replies":[{"embeddable":true,"href":"https:\/\/5lenguajesdelamor.elhogarquedeseo.com\/index.php?rest_route=%2Fwp%2Fv2%2Fcomments&post=150"}],"version-history":[{"count":7,"href":"https:\/\/5lenguajesdelamor.elhogarquedeseo.com\/index.php?rest_route=\/wp\/v2\/pages\/150\/revisions"}],"predecessor-version":[{"id":344,"href":"https:\/\/5lenguajesdelamor.elhogarquedeseo.com\/index.php?rest_route=\/wp\/v2\/pages\/150\/revisions\/344"}],"wp:attachment":[{"href":"https:\/\/5lenguajesdelamor.elhogarquedeseo.com\/index.php?rest_route=%2Fwp%2Fv2%2Fmedia&parent=150"}],"curies":[{"name":"wp","href":"https:\/\/api.w.org\/{rel}","templated":true}]}}